{"id":4916,"date":"2022-01-09T17:33:41","date_gmt":"2022-01-09T16:33:41","guid":{"rendered":"https:\/\/test.salle101.org\/?page_id=4916"},"modified":"2022-02-12T16:20:47","modified_gmt":"2022-02-12T15:20:47","slug":"pourquoi","status":"publish","type":"page","link":"https:\/\/emission.salle101.org\/?page_id=4916","title":{"rendered":"Pourquoi ?"},"content":{"rendered":"<p>Litt\u00e9rature \u00e0 part, litt\u00e9rature en marge, litt\u00e9rature inclassable par essence, la science-fiction est trop souvent cantonn\u00e9e dans un sous-monde pour adolescents et autres adultes attard\u00e9s. \u00c9tude du\u00a0<em>possible<\/em>\u00a0et art de\u00a0<em>r\u00e9sistance<\/em>, ce genre litt\u00e9raire est pourtant l\u2019un des plus riches qui soit.<\/p>\n<p>Chaque jeudi, la famille Abdaloff diss\u00e8que les nouveaut\u00e9s, annonce les parutions et critique les lectures de la semaine. Principalement\u00a0<em>livresque<\/em>, la Salle 101 s\u2019autorise \u00e9galement quelques digressions cin\u00e9matographiques et b\u00e9d\u00e9istes.<\/p>\n","protected":false},"excerpt":{"rendered":"<p>Litt\u00e9rature \u00e0 part, litt\u00e9rature en marge, litt\u00e9rature inclassable par essence, la science-fiction est trop souvent cantonn\u00e9e dans un sous-monde pour adolescents et autres adultes attard\u00e9s. \u00c9tude du\u00a0possible\u00a0et art de\u00a0r\u00e9sistance, ce genre litt\u00e9raire est pourtant l\u2019un des plus riches qui soit. Chaque jeudi, la famille Abdaloff diss\u00e8que les nouveaut\u00e9s, annonce les parutions et critique les lectures [&hellip;]<\/p>\n","protected":false},"author":1,"featured_media":0,"parent":0,"menu_order":0,"comment_status":"closed","ping_status":"closed","template":"","meta":{"footnotes":""},"class_list":["post-4916","page","type-page","status-publish","hentry"],"_links":{"self":[{"href":"https:\/\/emission.salle101.org\/index.php?rest_route=\/wp\/v2\/pages\/4916","targetHints":{"allow":["GET"]}}],"collection":[{"href":"https:\/\/emission.salle101.org\/index.php?rest_route=\/wp\/v2\/pages"}],"about":[{"href":"https:\/\/emission.salle101.org\/index.php?rest_route=\/wp\/v2\/types\/page"}],"author":[{"embeddable":true,"href":"https:\/\/emission.salle101.org\/index.php?rest_route=\/wp\/v2\/users\/1"}],"replies":[{"embeddable":true,"href":"https:\/\/emission.salle101.org\/index.php?rest_route=%2Fwp%2Fv2%2Fcomments&post=4916"}],"version-history":[{"count":5,"href":"https:\/\/emission.salle101.org\/index.php?rest_route=\/wp\/v2\/pages\/4916\/revisions"}],"predecessor-version":[{"id":6159,"href":"https:\/\/emission.salle101.org\/index.php?rest_route=\/wp\/v2\/pages\/4916\/revisions\/6159"}],"wp:attachment":[{"href":"https:\/\/emission.salle101.org\/index.php?rest_route=%2Fwp%2Fv2%2Fmedia&parent=4916"}],"curies":[{"name":"wp","href":"https:\/\/api.w.org\/{rel}","templated":true}]}}