{"id":4912,"date":"2022-01-09T17:21:38","date_gmt":"2022-01-09T16:21:38","guid":{"rendered":"https:\/\/test.salle101.org\/?page_id=4912"},"modified":"2025-06-26T13:11:16","modified_gmt":"2025-06-26T11:11:16","slug":"assister-a-lemission","status":"publish","type":"page","link":"https:\/\/emission.salle101.org\/?page_id=4912","title":{"rendered":"Assister \u00e0 l&rsquo;\u00e9mission"},"content":{"rendered":"<p style=\"text-align: justify;\">Salle 101, l\u2019\u00e9mission science-fictionnesque pr\u00e9sent\u00e9e par la famille Abdaloff \u00e9largie. Tous les jeudis de 18h \u00e0 19h, sur\u00a0<a href=\"http:\/\/rfpp.net\/\" target=\"_blank\" rel=\"noreferrer noopener\">Fr\u00e9quence Paris Plurielle<\/a>, 106.3. Redif les vendredis de 11h \u00e0 12h. On peut \u00e9galement l\u2019\u00e9couter en streaming via le serveur de la radio \u2014\u00a0<a href=\"http:\/\/www.rfpp.net\/\" target=\"_blank\" rel=\"noreferrer noopener\">ici<\/a>, donc \u2014\u00a0aux m\u00eames horaires. Enfin, les \u00e9missions sont archiv\u00e9es en MP3 et accessibles gratuitement. Cliquez sur la cat\u00e9gorie\u00a0<a href=\"https:\/\/emission.salle101.org\/?cat=3\">On Air<\/a>, et la bobinette cherra.<\/p>\n<p><em>Enregistrement de l\u2019\u00e9mission chaque <strong>mardi<\/strong> de 21h11 \u00e0 22h11 en public et dans les conditions du direct au Bouillon, \u00a06 rue Planchat, 75020 Paris, m\u00e9tro Avron ou Buzenval.<\/em><\/p>\n<p><em>[Les \u00e9ditrices, \u00e9diteurs, journalistes, attach\u00e9-es de presse, auditrices et auditeurs peuvent nous contacter directement \u00e0 l&rsquo;adresse suivante : redaction[at]salle101.org]<\/em><\/p>\n","protected":false},"excerpt":{"rendered":"<p>Salle 101, l\u2019\u00e9mission science-fictionnesque pr\u00e9sent\u00e9e par la famille Abdaloff \u00e9largie. Tous les jeudis de 18h \u00e0 19h, sur\u00a0Fr\u00e9quence Paris Plurielle, 106.3. Redif les vendredis de 11h \u00e0 12h. On peut \u00e9galement l\u2019\u00e9couter en streaming via le serveur de la radio \u2014\u00a0ici, donc \u2014\u00a0aux m\u00eames horaires. Enfin, les \u00e9missions sont archiv\u00e9es en MP3 et accessibles gratuitement. [&hellip;]<\/p>\n","protected":false},"author":1,"featured_media":0,"parent":0,"menu_order":0,"comment_status":"closed","ping_status":"closed","template":"","meta":{"footnotes":""},"class_list":["post-4912","page","type-page","status-publish","hentry"],"_links":{"self":[{"href":"https:\/\/emission.salle101.org\/index.php?rest_route=\/wp\/v2\/pages\/4912","targetHints":{"allow":["GET"]}}],"collection":[{"href":"https:\/\/emission.salle101.org\/index.php?rest_route=\/wp\/v2\/pages"}],"about":[{"href":"https:\/\/emission.salle101.org\/index.php?rest_route=\/wp\/v2\/types\/page"}],"author":[{"embeddable":true,"href":"https:\/\/emission.salle101.org\/index.php?rest_route=\/wp\/v2\/users\/1"}],"replies":[{"embeddable":true,"href":"https:\/\/emission.salle101.org\/index.php?rest_route=%2Fwp%2Fv2%2Fcomments&post=4912"}],"version-history":[{"count":9,"href":"https:\/\/emission.salle101.org\/index.php?rest_route=\/wp\/v2\/pages\/4912\/revisions"}],"predecessor-version":[{"id":7056,"href":"https:\/\/emission.salle101.org\/index.php?rest_route=\/wp\/v2\/pages\/4912\/revisions\/7056"}],"wp:attachment":[{"href":"https:\/\/emission.salle101.org\/index.php?rest_route=%2Fwp%2Fv2%2Fmedia&parent=4912"}],"curies":[{"name":"wp","href":"https:\/\/api.w.org\/{rel}","templated":true}]}}